{"id":360,"date":"2023-05-24T11:33:03","date_gmt":"2023-05-24T11:33:03","guid":{"rendered":"http:\/\/www.empresafacil.ma.gov.br\/?page_id=360"},"modified":"2026-02-19T20:58:45","modified_gmt":"2026-02-19T20:58:45","slug":"tradutor","status":"publish","type":"page","link":"https:\/\/www.empresafacil.ma.gov.br\/home\/tradutor\/","title":{"rendered":"Tradutor"},"content":{"rendered":"","protected":false},"excerpt":{"rendered":"","protected":false},"author":1,"featured_media":0,"parent":0,"menu_order":0,"comment_status":"closed","ping_status":"closed","template":"template-parts\/page-junta-comercial.php","meta":{"footnotes":""},"class_list":["post-360","page","type-page","status-publish","hentry"],"acf":{"servicos":[{"titulo":"Listar Tradutor Concursado","conteudo":"","btn":"https:\/\/%s.empresafacil.ma.gov.br\/pessoa-fisica\/tradutor\/consulta","parametros":"{'https:\/\/%s.empresafacil.ma.gov.br\/pessoa-fisica\/tradutor\/consulta':''}","method":"POST","mensagem_modal":"","acesso":["visivel_deve"]},{"titulo":"Nomea\u00e7\u00e3o de Tradutor Ad Hoc","conteudo":"","btn":"https:\/\/%s.empresafacil.ma.gov.br\/pessoa-fisica\/tradutor\/cadastrar","parametros":"{'https:\/\/%s.empresafacil.ma.gov.br\/pessoa-fisica\/tradutor\/cadastrar':''}","method":"POST","mensagem_modal":"","acesso":["visivel_todos"]},{"titulo":"Cancelamento de Matr\u00edcula de Tradutor P\u00fablico e Int\u00e9rprete Comercial","conteudo":"","btn":"https:\/\/%s.empresafacil.ma.gov.br\/evento-exclusivo\/capa-processo\/","parametros":"{'eventos-junta':'menu-tradutor','tp-evento':'cpp','ato-siarco[]':'{402}','evento-siarco':'402'}","method":"GET","mensagem_modal":"","acesso":["visivel_todos"]},{"titulo":"Matr\u00edcula de Tradutor P\u00fablico e Int\u00e9rprete Comercial","conteudo":"","btn":"https:\/\/%s.empresafacil.ma.gov.br\/evento-exclusivo\/capa-processo\/","parametros":"{'eventos-junta':'menu-tradutor','tp-evento':'cpp','ato-siarco[]':'{401}','evento-siarco':'401'}","method":"GET","mensagem_modal":"","acesso":["visivel_todos"]},{"titulo":"Transfer\u00eancia de Tradutor P\u00fablico e Int\u00e9rprete Comercial de Outra UF","conteudo":"","btn":"https:\/\/%s.empresafacil.ma.gov.br\/evento-exclusivo\/capa-processo\/","parametros":"{'eventos-junta':'menu-tradutor','tp-evento':'cpp','ato-siarco[]':'{401}','evento-siarco':'421'}","method":"GET","mensagem_modal":"","acesso":["visivel_todos"]},{"titulo":"Transfer\u00eancia de Tradutor P\u00fablico e Int\u00e9rprete Comercial para Outra UF","conteudo":"","btn":"https:\/\/%s.empresafacil.ma.gov.br\/evento-exclusivo\/capa-processo\/","parametros":"{'eventos-junta':'menu-tradutor','tp-evento':'cpp','ato-siarco[]':'{404}','evento-siarco':'404'}","method":"GET","mensagem_modal":"","acesso":["visivel_todos"]},{"titulo":"Matr\u00edcula de Tradutor e Int\u00e9rprete P\u00fablico","conteudo":"","btn":"https:\/\/%s.empresafacil.ma.gov.br\/workflow-service\/prepare\/primeiro-passo","parametros":"{'orgao':'8630','tipo_solicitacao':'11','evento':'1407','is_fluxo_legado':'false','perfil_entidade':104306,'is_registro':'true'}","method":"POST_JSON","mensagem_modal":"","acesso":["visivel_deve"]}]},"_links":{"self":[{"href":"https:\/\/www.empresafacil.ma.gov.br\/home\/wp-json\/wp\/v2\/pages\/360","targetHints":{"allow":["GET"]}}],"collection":[{"href":"https:\/\/www.empresafacil.ma.gov.br\/home\/wp-json\/wp\/v2\/pages"}],"about":[{"href":"https:\/\/www.empresafacil.ma.gov.br\/home\/wp-json\/wp\/v2\/types\/page"}],"author":[{"embeddable":true,"href":"https:\/\/www.empresafacil.ma.gov.br\/home\/wp-json\/wp\/v2\/users\/1"}],"replies":[{"embeddable":true,"href":"https:\/\/www.empresafacil.ma.gov.br\/home\/wp-json\/wp\/v2\/comments?post=360"}],"version-history":[{"count":5,"href":"https:\/\/www.empresafacil.ma.gov.br\/home\/wp-json\/wp\/v2\/pages\/360\/revisions"}],"predecessor-version":[{"id":2849,"href":"https:\/\/www.empresafacil.ma.gov.br\/home\/wp-json\/wp\/v2\/pages\/360\/revisions\/2849"}],"wp:attachment":[{"href":"https:\/\/www.empresafacil.ma.gov.br\/home\/wp-json\/wp\/v2\/media?parent=360"}],"curies":[{"name":"wp","href":"https:\/\/api.w.org\/{rel}","templated":true}]}}