{"id":2661,"date":"2026-02-18T12:23:58","date_gmt":"2026-02-18T12:23:58","guid":{"rendered":"https:\/\/www.empresafacil.ma.gov.br\/home\/?page_id=2661"},"modified":"2026-02-18T12:24:45","modified_gmt":"2026-02-18T12:24:45","slug":"ata-de-reuniao-da-diretoria","status":"publish","type":"page","link":"https:\/\/www.empresafacil.ma.gov.br\/home\/ata-de-reuniao-da-diretoria\/","title":{"rendered":"Nessa Ata ser\u00e1 realizada altera\u00e7\u00e3o cadastral?"},"content":{"rendered":"","protected":false},"excerpt":{"rendered":"","protected":false},"author":1,"featured_media":0,"parent":0,"menu_order":0,"comment_status":"closed","ping_status":"closed","template":"template-parts\/page-junta-comercial.php","meta":{"footnotes":""},"class_list":["post-2661","page","type-page","status-publish","hentry"],"acf":{"servicos":[{"titulo":"Sim","conteudo":"","btn":"alteracao-de-empresa","parametros":"","method":"POST","mensagem_modal":"","acesso":["visivel_todos"]},{"titulo":"N\u00e3o","conteudo":"","btn":"https:\/\/%s.empresafacil.ma.gov.br\/evento-exclusivo\/coletar-dados-consumo\/740","parametros":"{'eventos-junta':'botao-eventos-junta-ata-estatuto','tp-evento':'ex','evento[]':'740'}","method":"GET","mensagem_modal":"","acesso":["visivel_todos"]}]},"_links":{"self":[{"href":"https:\/\/www.empresafacil.ma.gov.br\/home\/wp-json\/wp\/v2\/pages\/2661","targetHints":{"allow":["GET"]}}],"collection":[{"href":"https:\/\/www.empresafacil.ma.gov.br\/home\/wp-json\/wp\/v2\/pages"}],"about":[{"href":"https:\/\/www.empresafacil.ma.gov.br\/home\/wp-json\/wp\/v2\/types\/page"}],"author":[{"embeddable":true,"href":"https:\/\/www.empresafacil.ma.gov.br\/home\/wp-json\/wp\/v2\/users\/1"}],"replies":[{"embeddable":true,"href":"https:\/\/www.empresafacil.ma.gov.br\/home\/wp-json\/wp\/v2\/comments?post=2661"}],"version-history":[{"count":2,"href":"https:\/\/www.empresafacil.ma.gov.br\/home\/wp-json\/wp\/v2\/pages\/2661\/revisions"}],"predecessor-version":[{"id":2663,"href":"https:\/\/www.empresafacil.ma.gov.br\/home\/wp-json\/wp\/v2\/pages\/2661\/revisions\/2663"}],"wp:attachment":[{"href":"https:\/\/www.empresafacil.ma.gov.br\/home\/wp-json\/wp\/v2\/media?parent=2661"}],"curies":[{"name":"wp","href":"https:\/\/api.w.org\/{rel}","templated":true}]}}