{"id":221,"date":"2023-05-23T15:54:50","date_gmt":"2023-05-23T15:54:50","guid":{"rendered":"http:\/\/www.empresafacil.ma.gov.br\/?page_id=221"},"modified":"2025-10-08T20:01:51","modified_gmt":"2025-10-08T20:01:51","slug":"inscricao-municipal-vinculada-cnpj-cadastrado","status":"publish","type":"page","link":"https:\/\/www.empresafacil.ma.gov.br\/home\/inscricao-municipal-vinculada-cnpj-cadastrado\/","title":{"rendered":"Inscri\u00e7\u00e3o Municipal Vinculada a CNPJ J\u00e1 Cadastrado Para Outro Estabelecimento"},"content":{"rendered":"","protected":false},"excerpt":{"rendered":"","protected":false},"author":1,"featured_media":0,"parent":0,"menu_order":0,"comment_status":"closed","ping_status":"closed","template":"template-parts\/page-junta-comercial.php","meta":{"footnotes":""},"class_list":["post-221","page","type-page","status-publish","hentry"],"acf":{"servicos":[{"titulo":"Quero Alterar Minha Matriz","conteudo":"","btn":"https:\/\/%s.empresafacil.ma.gov.br\/s\/consultaprevia\/prepare-primeiro-passo\/","parametros":"{'tipo_empresa':'m','evento[]':'802','tipo_evento':'sefaz','isProd':'1','domain':'https:\/\/%s.empresafacil.ma.gov.br'}","method":"POST","mensagem_modal":"","acesso":["visivel_todos"]},{"titulo":"Quero Alterar Minha Filial","conteudo":"","btn":"https:\/\/%s.empresafacil.ma.gov.br\/s\/consultaprevia\/prepare-primeiro-passo\/","parametros":"{'tipo_empresa':'f','evento[]':'802','tipo_evento':'sefaz','isProd':'1','domain':'https:\/\/%s.empresafacil.ma.gov.br'}","method":"POST","mensagem_modal":"","acesso":["visivel_todos"]}]},"_links":{"self":[{"href":"https:\/\/www.empresafacil.ma.gov.br\/home\/wp-json\/wp\/v2\/pages\/221","targetHints":{"allow":["GET"]}}],"collection":[{"href":"https:\/\/www.empresafacil.ma.gov.br\/home\/wp-json\/wp\/v2\/pages"}],"about":[{"href":"https:\/\/www.empresafacil.ma.gov.br\/home\/wp-json\/wp\/v2\/types\/page"}],"author":[{"embeddable":true,"href":"https:\/\/www.empresafacil.ma.gov.br\/home\/wp-json\/wp\/v2\/users\/1"}],"replies":[{"embeddable":true,"href":"https:\/\/www.empresafacil.ma.gov.br\/home\/wp-json\/wp\/v2\/comments?post=221"}],"version-history":[{"count":4,"href":"https:\/\/www.empresafacil.ma.gov.br\/home\/wp-json\/wp\/v2\/pages\/221\/revisions"}],"predecessor-version":[{"id":2202,"href":"https:\/\/www.empresafacil.ma.gov.br\/home\/wp-json\/wp\/v2\/pages\/221\/revisions\/2202"}],"wp:attachment":[{"href":"https:\/\/www.empresafacil.ma.gov.br\/home\/wp-json\/wp\/v2\/media?parent=221"}],"curies":[{"name":"wp","href":"https:\/\/api.w.org\/{rel}","templated":true}]}}