{"id":216,"date":"2023-05-23T15:49:57","date_gmt":"2023-05-23T15:49:57","guid":{"rendered":"http:\/\/www.empresafacil.ma.gov.br\/?page_id=216"},"modified":"2023-05-25T18:07:09","modified_gmt":"2023-05-25T18:07:09","slug":"inscricao-no-municipio","status":"publish","type":"page","link":"https:\/\/www.empresafacil.ma.gov.br\/home\/inscricao-no-municipio\/","title":{"rendered":"Inscri\u00e7\u00e3o no Munic\u00edpio"},"content":{"rendered":"","protected":false},"excerpt":{"rendered":"","protected":false},"author":1,"featured_media":0,"parent":0,"menu_order":0,"comment_status":"closed","ping_status":"closed","template":"template-parts\/page-junta-comercial.php","meta":{"footnotes":""},"class_list":["post-216","page","type-page","status-publish","hentry"],"acf":{"servicos":[{"titulo":"Altera\u00e7\u00e3o da Matriz","conteudo":"","btn":"https:\/\/%s.empresafacil.ma.gov.br\/s\/consultaprevia\/prepare-primeiro-passo\/","parametros":"{'tipo_empresa':'m','evento[]':'801','tipo_evento':'sefaz','isProd':'1','domain':'https:\/\/%s.empresafacil.ma.gov.br'}","method":"POST","mensagem_modal":"","acesso":["visivel_todos"]},{"titulo":"Altera\u00e7\u00e3o da Filial","conteudo":"","btn":"https:\/\/%s.empresafacil.ma.gov.br\/s\/consultaprevia\/prepare-primeiro-passo\/","parametros":"{'tipo_empresa':'f','evento[]':'801','tipo_evento':'sefaz','isProd':'1','domain':'https:\/\/%s.empresafacil.ma.gov.br'}","method":"POST","mensagem_modal":"","acesso":["visivel_todos"]}]},"_links":{"self":[{"href":"https:\/\/www.empresafacil.ma.gov.br\/home\/wp-json\/wp\/v2\/pages\/216","targetHints":{"allow":["GET"]}}],"collection":[{"href":"https:\/\/www.empresafacil.ma.gov.br\/home\/wp-json\/wp\/v2\/pages"}],"about":[{"href":"https:\/\/www.empresafacil.ma.gov.br\/home\/wp-json\/wp\/v2\/types\/page"}],"author":[{"embeddable":true,"href":"https:\/\/www.empresafacil.ma.gov.br\/home\/wp-json\/wp\/v2\/users\/1"}],"replies":[{"embeddable":true,"href":"https:\/\/www.empresafacil.ma.gov.br\/home\/wp-json\/wp\/v2\/comments?post=216"}],"version-history":[{"count":0,"href":"https:\/\/www.empresafacil.ma.gov.br\/home\/wp-json\/wp\/v2\/pages\/216\/revisions"}],"wp:attachment":[{"href":"https:\/\/www.empresafacil.ma.gov.br\/home\/wp-json\/wp\/v2\/media?parent=216"}],"curies":[{"name":"wp","href":"https:\/\/api.w.org\/{rel}","templated":true}]}}