{"id":212,"date":"2023-05-23T15:40:47","date_gmt":"2023-05-23T15:40:47","guid":{"rendered":"http:\/\/www.empresafacil.ma.gov.br\/?page_id=212"},"modified":"2026-02-19T19:22:58","modified_gmt":"2026-02-19T19:22:58","slug":"municipios","status":"publish","type":"page","link":"https:\/\/www.empresafacil.ma.gov.br\/home\/municipios\/","title":{"rendered":"Munic\u00edpios"},"content":{"rendered":"","protected":false},"excerpt":{"rendered":"","protected":false},"author":1,"featured_media":0,"parent":0,"menu_order":0,"comment_status":"closed","ping_status":"closed","template":"template-parts\/page-junta-comercial.php","meta":{"footnotes":""},"class_list":["post-212","page","type-page","status-publish","hentry"],"acf":{"servicos":[{"titulo":"Inscri\u00e7\u00e3o Municipal Vinculada a CNPJ j\u00e1 Cadastrado Para Outro Estabelecimento","conteudo":"","btn":"inscricao-municipal-vinculada-cnpj-cadastrado","parametros":"","method":"POST","mensagem_modal":"","acesso":["visivel_todos"]},{"titulo":"Inscri\u00e7\u00e3o no Munic\u00edpio","conteudo":"","btn":"inscricao-no-municipio","parametros":"","method":"POST","mensagem_modal":"","acesso":["visivel_todos"]},{"titulo":"Pedido de Baixa Exclusivamente no Munic\u00edpio","conteudo":"","btn":"baixa-no-municipio","parametros":"","method":"POST","mensagem_modal":"","acesso":["visivel_todos"]}]},"_links":{"self":[{"href":"https:\/\/www.empresafacil.ma.gov.br\/home\/wp-json\/wp\/v2\/pages\/212","targetHints":{"allow":["GET"]}}],"collection":[{"href":"https:\/\/www.empresafacil.ma.gov.br\/home\/wp-json\/wp\/v2\/pages"}],"about":[{"href":"https:\/\/www.empresafacil.ma.gov.br\/home\/wp-json\/wp\/v2\/types\/page"}],"author":[{"embeddable":true,"href":"https:\/\/www.empresafacil.ma.gov.br\/home\/wp-json\/wp\/v2\/users\/1"}],"replies":[{"embeddable":true,"href":"https:\/\/www.empresafacil.ma.gov.br\/home\/wp-json\/wp\/v2\/comments?post=212"}],"version-history":[{"count":5,"href":"https:\/\/www.empresafacil.ma.gov.br\/home\/wp-json\/wp\/v2\/pages\/212\/revisions"}],"predecessor-version":[{"id":2837,"href":"https:\/\/www.empresafacil.ma.gov.br\/home\/wp-json\/wp\/v2\/pages\/212\/revisions\/2837"}],"wp:attachment":[{"href":"https:\/\/www.empresafacil.ma.gov.br\/home\/wp-json\/wp\/v2\/media?parent=212"}],"curies":[{"name":"wp","href":"https:\/\/api.w.org\/{rel}","templated":true}]}}