{"id":172,"date":"2023-05-22T18:39:57","date_gmt":"2023-05-22T18:39:57","guid":{"rendered":"http:\/\/www.empresafacil.ma.gov.br\/?page_id=172"},"modified":"2026-02-13T20:38:33","modified_gmt":"2026-02-13T20:38:33","slug":"livro-digital","status":"publish","type":"page","link":"https:\/\/www.empresafacil.ma.gov.br\/home\/livro-digital\/","title":{"rendered":"Livro Digital"},"content":{"rendered":"","protected":false},"excerpt":{"rendered":"","protected":false},"author":1,"featured_media":0,"parent":0,"menu_order":0,"comment_status":"closed","ping_status":"closed","template":"template-parts\/page-junta-comercial.php","meta":{"footnotes":""},"class_list":["post-172","page","type-page","status-publish","hentry"],"acf":{"servicos":[{"titulo":"Acompanhar Processo de Livro","conteudo":"Destina-se ao acompanhamento dos protocolos digitais ativos de Livros e que possuam status \u201caguardando protocolar\u201d, \u201cem exig\u00eancia\u201d ou \u201cautenticado.","btn":"https:\/\/%s.empresafacil.ma.gov.br\/evento-exclusivo\/livro-digital\/","parametros":"","method":"POST","mensagem_modal":"","acesso":["visivel_todos"]},{"titulo":"Cancelamento do Termo de Autentica\u00e7\u00e3o - Livro Empresarial","conteudo":"Destina-se ao requerimento de Cancelamento do Termo de Autentica\u00e7\u00e3o de Livro Empresarial registrado digitalmente que tenha sido lavrado com erro material.","btn":"https:\/\/%s.empresafacil.ma.gov.br\/evento-exclusivo\/livro-digital\/coletar-dados-consumo\/962?livro=1","parametros":"","method":"POST","mensagem_modal":"","acesso":["visivel_todos"]},{"titulo":"Cancelar livro autenticado de leiloeiro","conteudo":"","btn":"","parametros":"","method":"POST","mensagem_modal":"","acesso":""},{"titulo":"Lista de Tipos de Livros","conteudo":"Exibe a lista de todos os Tipos de livros dispon\u00edveis para registro no Portal.","btn":"tipos-de-livros","parametros":"","method":"POST","mensagem_modal":"","acesso":["visivel_todos"]},{"titulo":"Registrar Livro de Leiloeiro","conteudo":"Destina-se \u00e0 autentica\u00e7\u00e3o dos livros obrigat\u00f3rios de Leiloeiros previstos no Decreto 21.981\/1932 e IN DREI 52\/2022.","btn":"https:\/\/%s.empresafacil.ma.gov.br\/pessoa-fisica\/leiloeiro\/emissao-livro\/gerar-processo","parametros":"","method":"POST","mensagem_modal":"","acesso":["visivel_todos"]},{"titulo":"Registrar Livro Empresarial","conteudo":"Destina-se \u00e0 autentica\u00e7\u00e3o de livros empresariais, abrangendo tanto os livros j\u00e1 escriturados quanto os livros societ\u00e1rios em branco, em conformidade com as previs\u00f5es da IN DREI 82\/2021.","btn":"registrar-livro-empresarial","parametros":"","method":"POST","mensagem_modal":"","acesso":["visivel_todos"]},{"titulo":"Substituir Livro Empresarial Autenticado","conteudo":"Destina-se ao registro de livro substituto, nas hip\u00f3teses previstas na IN DREI 82\/2021 \u2013 Substitui\u00e7\u00e3o por Perda, Extravio, Destrui\u00e7\u00e3o, Corrompimento, N\u00e3o Realiza\u00e7\u00e3o de Download e tamb\u00e9m a Substitui\u00e7\u00e3o para registro digital de livro j\u00e1 registrado fisicamente.","btn":"substituir-livro-empresarial-autenticado","parametros":"","method":"POST","mensagem_modal":"","acesso":["visivel_todos"]},{"titulo":"Substituir livro autenticado de leiloeiro","conteudo":"","btn":"","parametros":"","method":"POST","mensagem_modal":"","acesso":["visivel_deve"]}]},"_links":{"self":[{"href":"https:\/\/www.empresafacil.ma.gov.br\/home\/wp-json\/wp\/v2\/pages\/172","targetHints":{"allow":["GET"]}}],"collection":[{"href":"https:\/\/www.empresafacil.ma.gov.br\/home\/wp-json\/wp\/v2\/pages"}],"about":[{"href":"https:\/\/www.empresafacil.ma.gov.br\/home\/wp-json\/wp\/v2\/types\/page"}],"author":[{"embeddable":true,"href":"https:\/\/www.empresafacil.ma.gov.br\/home\/wp-json\/wp\/v2\/users\/1"}],"replies":[{"embeddable":true,"href":"https:\/\/www.empresafacil.ma.gov.br\/home\/wp-json\/wp\/v2\/comments?post=172"}],"version-history":[{"count":5,"href":"https:\/\/www.empresafacil.ma.gov.br\/home\/wp-json\/wp\/v2\/pages\/172\/revisions"}],"predecessor-version":[{"id":2642,"href":"https:\/\/www.empresafacil.ma.gov.br\/home\/wp-json\/wp\/v2\/pages\/172\/revisions\/2642"}],"wp:attachment":[{"href":"https:\/\/www.empresafacil.ma.gov.br\/home\/wp-json\/wp\/v2\/media?parent=172"}],"curies":[{"name":"wp","href":"https:\/\/api.w.org\/{rel}","templated":true}]}}